{"id":2040,"date":"2024-08-28T08:11:17","date_gmt":"2024-08-28T08:11:17","guid":{"rendered":"http:\/\/apartamentoscocoteros.com\/?page_id=2040"},"modified":"2024-08-28T08:16:28","modified_gmt":"2024-08-28T08:16:28","slug":"home","status":"publish","type":"page","link":"http:\/\/apartamentoscocoteros.com\/en\/","title":{"rendered":"Home"},"content":{"rendered":"\t\t<div data-elementor-type=\"wp-page\" data-elementor-id=\"2040\" class=\"elementor elementor-2040\" data-elementor-post-type=\"page\">\n\t\t\t\t<div class=\"elementor-element elementor-element-4efbc503 e-con-full e-flex e-con e-parent\" data-id=\"4efbc503\" data-element_type=\"container\">\n\t\t\t\t<div class=\"elementor-element elementor-element-710be781 elementor-widget elementor-widget-Viba_Banner_Two\" data-id=\"710be781\" data-element_type=\"widget\" data-widget_type=\"Viba_Banner_Two.default\">\n\t\t\t\t<div class=\"elementor-widget-container\">\n\t\t\t\r\n        <!-- Hero Style2 Warp Start -->\r\n        <div class=\"hero-style2-warp\">\r\n            <div class=\"swiper hero-slider\">\r\n                <div class=\"swiper-wrapper\">\r\n                                            <div class=\"swiper-slide\">\r\n                                                            <div class=\"hero-slider-warp2  \" style=\"background-image:url(http:\/\/apartamentoscocoteros.com\/wp-content\/uploads\/2024\/08\/slide3.jpg);\">\r\n                                                            <div class=\"container-fluid style3\">\r\n                                                                                                        <\/div>\r\n                            <\/div>\r\n                        <\/div>\r\n                                    <\/div>\r\n            <\/div>\r\n        <\/div>\r\n        <!-- Hero Style2 Warp End -->\r\n        \t\t<\/div>\n\t\t\t\t<\/div>\n\t\t\t\t<\/div>\n\t\t<div class=\"elementor-element elementor-element-28f15dac e-con-full e-flex e-con e-parent\" data-id=\"28f15dac\" data-element_type=\"container\">\n\t\t\t\t<div class=\"elementor-element elementor-element-2fde2900 elementor-widget elementor-widget-about-widget\" data-id=\"2fde2900\" data-element_type=\"widget\" data-widget_type=\"about-widget.default\">\n\t\t\t\t<div class=\"elementor-widget-container\">\n\t\t\t\r\n         \r\n            <!-- About Warp Start -->\r\n            <div class=\"about-warp ptb-125\">\r\n                <div class=\"container\">\r\n                    <div class=\"row justify-content-center align-items-center\">\r\n                                                    <div class=\"col-lg-6\" data-cue=\"fadeInLeft\">\r\n                                <div class=\"about-image\">\r\n                                    <img decoding=\"async\" src=\"http:\/\/apartamentoscocoteros.com\/wp-content\/uploads\/2024\/08\/galery4.jpg\" alt=\"Images\">\r\n                                <\/div>\r\n                            <\/div>\r\n                                                <div class=\"col-lg-6\" data-cue=\"fadeIn\">\r\n                            <div class=\"about-content single-section\">\r\n                                                                    <span class=\"title\">the true experience<\/span>\r\n                                                                <h3>Do you know the feeling? The one you wish you could hold onto forever? That is Luxury for the Soul. <\/h3>\r\n                                                                    <p class=\"extra-big\">The iconic Viba Beach Resort is part of a UNESCO biosphere reserve which hosts the world famous Hanifaru Bay, home of the majestic manta rays during the months of June till October. Indulge in a rustic Robinson Crusoe feeling combined with a relaxed atmosphere.<\/p>\r\n                                                                                            <\/div>\r\n                        <\/div>\r\n                                            <\/div>\r\n                <\/div>\r\n                <div class=\"all-shapes\">\r\n                                                        <\/div>\r\n            <\/div>\r\n            <!-- About Warp End -->\r\n        \r\n        \t\t<\/div>\n\t\t\t\t<\/div>\n\t\t\t\t<\/div>\n\t\t<div class=\"elementor-element elementor-element-4a70f16b e-con-full paquita e-flex e-con e-parent\" data-id=\"4a70f16b\" data-element_type=\"container\">\n\t\t\t\t<div class=\"elementor-element elementor-element-4e534ce3 elementor-widget elementor-widget-about-widget\" data-id=\"4e534ce3\" data-element_type=\"widget\" data-widget_type=\"about-widget.default\">\n\t\t\t\t<div class=\"elementor-widget-container\">\n\t\t\t\r\n         \r\n            <!-- About Warp Start -->\r\n            <div class=\"about-warp ptb-125\">\r\n                <div class=\"container\">\r\n                    <div class=\"row justify-content-center align-items-center\">\r\n                                                    <div class=\"col-lg-6\" data-cue=\"fadeInLeft\">\r\n                                <div class=\"about-image\">\r\n                                    <img decoding=\"async\" src=\"http:\/\/apartamentoscocoteros.com\/wp-content\/uploads\/2024\/08\/galery4.jpg\" alt=\"Images\">\r\n                                <\/div>\r\n                            <\/div>\r\n                                                <div class=\"col-lg-6\" data-cue=\"fadeIn\">\r\n                            <div class=\"about-content single-section\">\r\n                                                                    <span class=\"title\">the true experience<\/span>\r\n                                                                <h3>Do you know the feeling? The one you wish you could hold onto forever? That is Luxury for the Soul. <\/h3>\r\n                                                                    <p class=\"extra-big\">The iconic Viba Beach Resort is part of a UNESCO biosphere reserve which hosts the world famous Hanifaru Bay, home of the majestic manta rays during the months of June till October. Indulge in a rustic Robinson Crusoe feeling combined with a relaxed atmosphere.<\/p>\r\n                                                                                            <\/div>\r\n                        <\/div>\r\n                                            <\/div>\r\n                <\/div>\r\n                <div class=\"all-shapes\">\r\n                                                        <\/div>\r\n            <\/div>\r\n            <!-- About Warp End -->\r\n        \r\n        \t\t<\/div>\n\t\t\t\t<\/div>\n\t\t\t\t<\/div>\n\t\t<div class=\"elementor-element elementor-element-38c568fe e-flex e-con-boxed e-con e-parent\" data-id=\"38c568fe\" data-element_type=\"container\">\n\t\t\t\t\t<div class=\"e-con-inner\">\n\t\t<div class=\"elementor-element elementor-element-15d1d908 e-con-full e-flex e-con e-child\" data-id=\"15d1d908\" data-element_type=\"container\">\n\t\t\t\t<div class=\"elementor-element elementor-element-75f3f3b8 elementor-widget elementor-widget-heading\" data-id=\"75f3f3b8\" data-element_type=\"widget\" data-widget_type=\"heading.default\">\n\t\t\t\t<div class=\"elementor-widget-container\">\n\t\t\t<style>\/*! elementor - v3.23.0 - 05-08-2024 *\/\n.elementor-heading-title{padding:0;margin:0;line-height:1}.elementor-widget-heading .elementor-heading-title[class*=elementor-size-]>a{color:inherit;font-size:inherit;line-height:inherit}.elementor-widget-heading .elementor-heading-title.elementor-size-small{font-size:15px}.elementor-widget-heading .elementor-heading-title.elementor-size-medium{font-size:19px}.elementor-widget-heading .elementor-heading-title.elementor-size-large{font-size:29px}.elementor-widget-heading .elementor-heading-title.elementor-size-xl{font-size:39px}.elementor-widget-heading .elementor-heading-title.elementor-size-xxl{font-size:59px}<\/style><h1 class=\"elementor-heading-title elementor-size-default\">Hotel B\u00e9cquer Sevilla<\/h1>\t\t<\/div>\n\t\t\t\t<\/div>\n\t\t\t\t<div class=\"elementor-element elementor-element-54a2f209 elementor-widget elementor-widget-text-editor\" data-id=\"54a2f209\" data-element_type=\"widget\" data-widget_type=\"text-editor.default\">\n\t\t\t\t<div class=\"elementor-widget-container\">\n\t\t\t<style>\/*! elementor - v3.23.0 - 05-08-2024 *\/\n.elementor-widget-text-editor.elementor-drop-cap-view-stacked .elementor-drop-cap{background-color:#69727d;color:#fff}.elementor-widget-text-editor.elementor-drop-cap-view-framed .elementor-drop-cap{color:#69727d;border:3px solid;background-color:transparent}.elementor-widget-text-editor:not(.elementor-drop-cap-view-default) .elementor-drop-cap{margin-top:8px}.elementor-widget-text-editor:not(.elementor-drop-cap-view-default) .elementor-drop-cap-letter{width:1em;height:1em}.elementor-widget-text-editor .elementor-drop-cap{float:left;text-align:center;line-height:1;font-size:50px}.elementor-widget-text-editor .elementor-drop-cap-letter{display:inline-block}<\/style>\t\t\t\t<p>Edificado en la antigua casa palacio de los Marqueses de las Torres, el Hotel B\u00e9cquer te propone una estancia inolvidable en el centro hist\u00f3rico y comercial de Sevilla, con una ubicaci\u00f3n inmejorable, a s\u00f3lo 10 minutos de la Catedral.<\/p>\t\t\t\t\t\t<\/div>\n\t\t\t\t<\/div>\n\t\t<div class=\"elementor-element elementor-element-434ce3b9 e-con-full e-flex e-con e-child\" data-id=\"434ce3b9\" data-element_type=\"container\">\n\t\t<div class=\"elementor-element elementor-element-198d45c3 e-con-full e-flex e-con e-child\" data-id=\"198d45c3\" data-element_type=\"container\">\n\t\t\t\t<div class=\"elementor-element elementor-element-544267ca elementor-view-default elementor-widget elementor-widget-icon\" data-id=\"544267ca\" data-element_type=\"widget\" data-widget_type=\"icon.default\">\n\t\t\t\t<div class=\"elementor-widget-container\">\n\t\t\t\t\t<div class=\"elementor-icon-wrapper\">\n\t\t\t<div class=\"elementor-icon\">\n\t\t\t<i aria-hidden=\"true\" class=\"fas fa-ribbon\"><\/i>\t\t\t<\/div>\n\t\t<\/div>\n\t\t\t\t<\/div>\n\t\t\t\t<\/div>\n\t\t\t\t<div class=\"elementor-element elementor-element-6ad367fd elementor-widget elementor-widget-heading\" data-id=\"6ad367fd\" data-element_type=\"widget\" data-widget_type=\"heading.default\">\n\t\t\t\t<div class=\"elementor-widget-container\">\n\t\t\t<span class=\"elementor-heading-title elementor-size-default\">Mejor precio online<\/span>\t\t<\/div>\n\t\t\t\t<\/div>\n\t\t\t\t<\/div>\n\t\t<div class=\"elementor-element elementor-element-dcf9914 e-con-full e-flex e-con e-child\" data-id=\"dcf9914\" data-element_type=\"container\">\n\t\t\t\t<div class=\"elementor-element elementor-element-7a33dd4e elementor-view-default elementor-widget elementor-widget-icon\" data-id=\"7a33dd4e\" data-element_type=\"widget\" data-widget_type=\"icon.default\">\n\t\t\t\t<div class=\"elementor-widget-container\">\n\t\t\t\t\t<div class=\"elementor-icon-wrapper\">\n\t\t\t<div class=\"elementor-icon\">\n\t\t\t<i aria-hidden=\"true\" class=\"fas fa-cocktail\"><\/i>\t\t\t<\/div>\n\t\t<\/div>\n\t\t\t\t<\/div>\n\t\t\t\t<\/div>\n\t\t\t\t<div class=\"elementor-element elementor-element-62db4c35 elementor-widget elementor-widget-heading\" data-id=\"62db4c35\" data-element_type=\"widget\" data-widget_type=\"heading.default\">\n\t\t\t\t<div class=\"elementor-widget-container\">\n\t\t\t<span class=\"elementor-heading-title elementor-size-default\">Mejor precio online<\/span>\t\t<\/div>\n\t\t\t\t<\/div>\n\t\t\t\t<\/div>\n\t\t<div class=\"elementor-element elementor-element-345d0dbc e-con-full e-flex e-con e-child\" data-id=\"345d0dbc\" data-element_type=\"container\">\n\t\t\t\t<div class=\"elementor-element elementor-element-53e879fb elementor-view-default elementor-widget elementor-widget-icon\" data-id=\"53e879fb\" data-element_type=\"widget\" data-widget_type=\"icon.default\">\n\t\t\t\t<div class=\"elementor-widget-container\">\n\t\t\t\t\t<div class=\"elementor-icon-wrapper\">\n\t\t\t<div class=\"elementor-icon\">\n\t\t\t<i aria-hidden=\"true\" class=\"fas fa-star\"><\/i>\t\t\t<\/div>\n\t\t<\/div>\n\t\t\t\t<\/div>\n\t\t\t\t<\/div>\n\t\t\t\t<div class=\"elementor-element elementor-element-5ae55ac4 elementor-widget elementor-widget-heading\" data-id=\"5ae55ac4\" data-element_type=\"widget\" data-widget_type=\"heading.default\">\n\t\t\t\t<div class=\"elementor-widget-container\">\n\t\t\t<span class=\"elementor-heading-title elementor-size-default\">Mejor precio online<\/span>\t\t<\/div>\n\t\t\t\t<\/div>\n\t\t\t\t<\/div>\n\t\t\t\t<\/div>\n\t\t\t\t<\/div>\n\t\t\t\t\t<\/div>\n\t\t\t\t<\/div>\n\t\t<div class=\"elementor-element elementor-element-3801a499 e-con-full e-flex e-con e-parent\" data-id=\"3801a499\" data-element_type=\"container\">\n\t\t\t\t<div class=\"elementor-element elementor-element-238e75c1 elementor-widget elementor-widget-Service\" data-id=\"238e75c1\" data-element_type=\"widget\" data-widget_type=\"Service.default\">\n\t\t\t\t<div class=\"elementor-widget-container\">\n\t\t\t\r\n                    <div class=\"features-warp ptb-125\">\r\n                <div class=\"container\">\r\n                    <div class=\"section-title\">\r\n                        <h2>\r\n                            Our Luxury Services Which Will Give You Comfort                        <\/h2>\r\n                    <\/div>\r\n                    <div class=\"features-slider-warp\">\r\n                        <div class=\"swiper features-slider\">\r\n                            <div class=\"swiper-wrapper\">\r\n                                                                    <div class=\"swiper-slide\">\r\n                                        <div class=\"service-card style2 text-start\">\r\n                                                                                            <div class=\"icon\">\r\n                                                    <i class=\"flaticon-hotel\"><\/i>\r\n                                                <\/div>\r\n                                                                                        <h3>\r\n                                                <a href=\"http:\/\/apartamentoscocoteros.com\/en\/service-post\/luxury-accomodation\/\">Luxury Accomodation<\/a>\r\n                                            <\/h3>\r\n                                            <p>Our villas combine contemporary amenities with the laid-back nature of island life.<\/p>\r\n                                                                                            <a href=\"http:\/\/apartamentoscocoteros.com\/en\/service-post\/luxury-accomodation\/\" class=\"arrow\"><i class=\"flaticon-next\"><\/i><\/a>\r\n                                                                                    <\/div>\r\n                                    <\/div>\r\n                                                                    <div class=\"swiper-slide\">\r\n                                        <div class=\"service-card style2 text-start\">\r\n                                                                                            <div class=\"icon\">\r\n                                                    <i class=\"flaticon-island-1\"><\/i>\r\n                                                <\/div>\r\n                                                                                        <h3>\r\n                                                <a href=\"http:\/\/apartamentoscocoteros.com\/en\/service-post\/private-island\/\">Private Island<\/a>\r\n                                            <\/h3>\r\n                                            <p>Our villas combine contemporary amenities with the laid-back nature of island life.<\/p>\r\n                                                                                            <a href=\"http:\/\/apartamentoscocoteros.com\/en\/service-post\/private-island\/\" class=\"arrow\"><i class=\"flaticon-next\"><\/i><\/a>\r\n                                                                                    <\/div>\r\n                                    <\/div>\r\n                                                                    <div class=\"swiper-slide\">\r\n                                        <div class=\"service-card style2 text-start\">\r\n                                                                                            <div class=\"icon\">\r\n                                                    <i class=\"flaticon-eating\"><\/i>\r\n                                                <\/div>\r\n                                                                                        <h3>\r\n                                                <a href=\"http:\/\/apartamentoscocoteros.com\/en\/service-post\/exotic-food\/\">Exotic Food<\/a>\r\n                                            <\/h3>\r\n                                            <p>Our villas combine contemporary amenities with the laid-back nature of island life.<\/p>\r\n                                                                                            <a href=\"http:\/\/apartamentoscocoteros.com\/en\/service-post\/exotic-food\/\" class=\"arrow\"><i class=\"flaticon-next\"><\/i><\/a>\r\n                                                                                    <\/div>\r\n                                    <\/div>\r\n                                                                    <div class=\"swiper-slide\">\r\n                                        <div class=\"service-card style2 text-start\">\r\n                                                                                            <div class=\"icon\">\r\n                                                    <i class=\"flaticon-safety-box\"><\/i>\r\n                                                <\/div>\r\n                                                                                        <h3>\r\n                                                <a href=\"http:\/\/apartamentoscocoteros.com\/en\/service-post\/private-locker\/\">Private Locker<\/a>\r\n                                            <\/h3>\r\n                                            <p>Our villas combine contemporary amenities with the laid-back nature of island life.<\/p>\r\n                                                                                            <a href=\"http:\/\/apartamentoscocoteros.com\/en\/service-post\/private-locker\/\" class=\"arrow\"><i class=\"flaticon-next\"><\/i><\/a>\r\n                                                                                    <\/div>\r\n                                    <\/div>\r\n                                                                    <div class=\"swiper-slide\">\r\n                                        <div class=\"service-card style2 text-start\">\r\n                                                                                            <div class=\"icon\">\r\n                                                    <i class=\"flaticon-gym\"><\/i>\r\n                                                <\/div>\r\n                                                                                        <h3>\r\n                                                <a href=\"http:\/\/apartamentoscocoteros.com\/en\/service-post\/private-gym\/\">Private Gym<\/a>\r\n                                            <\/h3>\r\n                                            <p>Our villas combine contemporary amenities with the laid-back nature of island life.<\/p>\r\n                                                                                            <a href=\"http:\/\/apartamentoscocoteros.com\/en\/service-post\/private-gym\/\" class=\"arrow\"><i class=\"flaticon-next\"><\/i><\/a>\r\n                                                                                    <\/div>\r\n                                    <\/div>\r\n                                                                    <div class=\"swiper-slide\">\r\n                                        <div class=\"service-card style2 text-start\">\r\n                                                                                            <div class=\"icon\">\r\n                                                    <i class=\"flaticon-car\"><\/i>\r\n                                                <\/div>\r\n                                                                                        <h3>\r\n                                                <a href=\"http:\/\/apartamentoscocoteros.com\/en\/service-post\/transportation\/\">Transportation<\/a>\r\n                                            <\/h3>\r\n                                            <p>Our villas combine contemporary amenities with the laid-back nature of island life.<\/p>\r\n                                                                                            <a href=\"http:\/\/apartamentoscocoteros.com\/en\/service-post\/transportation\/\" class=\"arrow\"><i class=\"flaticon-next\"><\/i><\/a>\r\n                                                                                    <\/div>\r\n                                    <\/div>\r\n                                                                                            <\/div>\r\n                        <\/div>\r\n                        <div class=\"swiper-btn\">\r\n                            <div class=\"swiper-button-next\"><\/div>\r\n                            <div class=\"swiper-button-prev\"><\/div>\r\n                        <\/div>\r\n                    <\/div>\r\n                <\/div>\r\n            <\/div>\r\n        \r\n        \t\t<\/div>\n\t\t\t\t<\/div>\n\t\t\t\t<\/div>\n\t\t<div class=\"elementor-element elementor-element-50a76ff5 e-con-full e-flex e-con e-parent\" data-id=\"50a76ff5\" data-element_type=\"container\">\n\t\t\t\t<div class=\"elementor-element elementor-element-31ad62e1 elementor-widget elementor-widget-video-widget\" data-id=\"31ad62e1\" data-element_type=\"widget\" data-widget_type=\"video-widget.default\">\n\t\t\t\t<div class=\"elementor-widget-container\">\n\t\t\t\r\n        <div class=\"room-warp\">\r\n            <div class=\"container\">\r\n                                    <div class=\"inner-room-warp\" style=\"background-image:url(http:\/\/apartamentoscocoteros.com\/wp-content\/uploads\/2023\/10\/luxury-room.webp);\">\r\n                                    <div class=\"row align-items-center\">\r\n                        <div class=\"col-lg-6 col-sm-6\">\r\n                                                            <div class=\"content\">\r\n                                    <span class=\"typewrite\" data-period=\"2000\" data-type='[ \"See our luxurious rooms at a glance\", \"See our luxurious rooms at a glance\" ]'>\r\n                                        <span class=\"wrap\"><\/span>\r\n                                    <\/span>\r\n                                <\/div>\r\n                                                    <\/div>\r\n                        <div class=\"col-lg-6 col-sm-6\">\r\n                            <div class=\"round-icon\">\r\n                                                                    <img decoding=\"async\" src=\"http:\/\/apartamentoscocoteros.com\/wp-content\/uploads\/2023\/10\/room-text.webp\" class=\"round-about\" alt=\"images\">\r\n                                \r\n                                                                    <a data-fslightbox=\"gallery\" class=\"video-btn popup-video\" href=\"https:\/\/www.youtube.com\/embed\/ODfy2YIKS1M\">\r\n                                        <i class=\"ri-play-fill\"><\/i>\r\n                                    <\/a>\r\n                                                            <\/div>\r\n                        <\/div>\r\n                    <\/div>\r\n                <\/div>\r\n            <\/div>\r\n        <\/div>\r\n\r\n        \t\t<\/div>\n\t\t\t\t<\/div>\n\t\t\t\t<\/div>\n\t\t\t\t<\/div>\n\t\t","protected":false},"excerpt":{"rendered":"","protected":false},"author":1,"featured_media":0,"parent":0,"menu_order":0,"comment_status":"closed","ping_status":"closed","template":"","meta":{"_acf_changed":false,"footnotes":""},"class_list":["post-2040","page","type-page","status-publish","hentry"],"acf":[],"_links":{"self":[{"href":"http:\/\/apartamentoscocoteros.com\/en\/wp-json\/wp\/v2\/pages\/2040","targetHints":{"allow":["GET"]}}],"collection":[{"href":"http:\/\/apartamentoscocoteros.com\/en\/wp-json\/wp\/v2\/pages"}],"about":[{"href":"http:\/\/apartamentoscocoteros.com\/en\/wp-json\/wp\/v2\/types\/page"}],"author":[{"embeddable":true,"href":"http:\/\/apartamentoscocoteros.com\/en\/wp-json\/wp\/v2\/users\/1"}],"replies":[{"embeddable":true,"href":"http:\/\/apartamentoscocoteros.com\/en\/wp-json\/wp\/v2\/comments?post=2040"}],"version-history":[{"count":3,"href":"http:\/\/apartamentoscocoteros.com\/en\/wp-json\/wp\/v2\/pages\/2040\/revisions"}],"predecessor-version":[{"id":2645,"href":"http:\/\/apartamentoscocoteros.com\/en\/wp-json\/wp\/v2\/pages\/2040\/revisions\/2645"}],"wp:attachment":[{"href":"http:\/\/apartamentoscocoteros.com\/en\/wp-json\/wp\/v2\/media?parent=2040"}],"curies":[{"name":"wp","href":"https:\/\/api.w.org\/{rel}","templated":true}]}}